{"id":3928,"date":"2022-10-28T11:38:40","date_gmt":"2022-10-28T11:38:40","guid":{"rendered":"https:\/\/metallbaulessmann.de\/?page_id=3928"},"modified":"2026-05-04T20:48:30","modified_gmt":"2026-05-04T20:48:30","slug":"home","status":"publish","type":"page","link":"https:\/\/metallbaulessmann.de\/","title":{"rendered":"Home"},"content":{"rendered":"\t\t<div data-elementor-type=\"wp-post\" data-elementor-id=\"3928\" class=\"elementor elementor-3928\" data-elementor-post-type=\"page\">\n\t\t\t\t\t\t<section class=\"elementor-section elementor-top-section elementor-element elementor-element-552f589 elementor-section-height-min-height elementor-section-boxed elementor-section-height-default elementor-section-items-middle\" data-id=\"552f589\" data-element_type=\"section\" data-e-type=\"section\" data-settings=\"{&quot;background_background&quot;:&quot;classic&quot;}\">\n\t\t\t\t\t\t\t<div class=\"elementor-background-overlay\"><\/div>\n\t\t\t\t\t\t\t<div class=\"elementor-container elementor-column-gap-default\">\n\t\t\t\t\t<div class=\"elementor-column elementor-col-100 elementor-top-column elementor-element elementor-element-e4e6ec0\" data-id=\"e4e6ec0\" data-element_type=\"column\" data-e-type=\"column\">\n\t\t\t<div class=\"elementor-widget-wrap elementor-element-populated\">\n\t\t\t\t\t\t<div class=\"elementor-element elementor-element-f06821e elementor-widget elementor-widget-heading\" data-id=\"f06821e\" data-element_type=\"widget\" data-e-type=\"widget\" data-widget_type=\"heading.default\">\n\t\t\t\t<div class=\"elementor-widget-container\">\n\t\t\t\t\t<h1 class=\"elementor-heading-title elementor-size-default\">Herzlich Willkommen\nauf der Seite der Metallbau Le\u00dfmann GmbH.<\/h1>\t\t\t\t<\/div>\n\t\t\t\t<\/div>\n\t\t\t\t<div class=\"elementor-element elementor-element-6e079b6 elementor-widget elementor-widget-text-editor\" data-id=\"6e079b6\" data-element_type=\"widget\" data-e-type=\"widget\" data-widget_type=\"text-editor.default\">\n\t\t\t\t<div class=\"elementor-widget-container\">\n\t\t\t\t\t\t\t\t\t<p>Wir freuen uns sehr, dass Sie unsere Homepage besuchen. Verschaffen Sie sich gerne einen \u00dcberblick \u00fcber unseren Meisterhandwerksbetrieb. Wir bieten Ihnen qualitativ hochwertige Leistungen auf ganzer Bandbreite der Metallverarbeitung in Radevormwald und Umgebung.<\/p><p>Sie haben Fragen? Gerne k\u00f6nnen Sie uns \u00fcber unser Kontaktformular, per Mail oder telefonisch kontaktieren.<\/p>\t\t\t\t\t\t\t\t<\/div>\n\t\t\t\t<\/div>\n\t\t\t\t<div class=\"elementor-element elementor-element-44bddb9 elementor-align-center elementor-widget elementor-widget-button\" data-id=\"44bddb9\" data-element_type=\"widget\" data-e-type=\"widget\" data-widget_type=\"button.default\">\n\t\t\t\t<div class=\"elementor-widget-container\">\n\t\t\t\t\t\t\t\t\t<div class=\"elementor-button-wrapper\">\n\t\t\t\t\t<a class=\"elementor-button elementor-button-link elementor-size-sm\" href=\"https:\/\/metallbaulessmann.de\/index.php\/kontaktformular\/\">\n\t\t\t\t\t\t<span class=\"elementor-button-content-wrapper\">\n\t\t\t\t\t\t\t\t\t<span class=\"elementor-button-text\">Zum Kontaktformular<\/span>\n\t\t\t\t\t<\/span>\n\t\t\t\t\t<\/a>\n\t\t\t\t<\/div>\n\t\t\t\t\t\t\t\t<\/div>\n\t\t\t\t<\/div>\n\t\t\t\t\t<\/div>\n\t\t<\/div>\n\t\t\t\t\t<\/div>\n\t\t<\/section>\n\t\t\t\t<section class=\"elementor-section elementor-top-section elementor-element elementor-element-3a1b5c3 elementor-section-boxed elementor-section-height-default elementor-section-height-default\" data-id=\"3a1b5c3\" data-element_type=\"section\" data-e-type=\"section\">\n\t\t\t\t\t\t<div class=\"elementor-container elementor-column-gap-default\">\n\t\t\t\t\t<div class=\"elementor-column elementor-col-100 elementor-top-column elementor-element elementor-element-3dcc113\" data-id=\"3dcc113\" data-element_type=\"column\" data-e-type=\"column\">\n\t\t\t<div class=\"elementor-widget-wrap elementor-element-populated\">\n\t\t\t\t\t\t<div class=\"elementor-element elementor-element-a946322 elementor-widget elementor-widget-heading\" data-id=\"a946322\" data-element_type=\"widget\" data-e-type=\"widget\" data-widget_type=\"heading.default\">\n\t\t\t\t<div class=\"elementor-widget-container\">\n\t\t\t\t\t<h1 class=\"elementor-heading-title elementor-size-default\">Wir sind DIN EN 1090 zertifiziert.<\/h1>\t\t\t\t<\/div>\n\t\t\t\t<\/div>\n\t\t\t\t<div class=\"elementor-element elementor-element-9ac2b11 elementor-widget elementor-widget-image\" data-id=\"9ac2b11\" data-element_type=\"widget\" data-e-type=\"widget\" data-widget_type=\"image.default\">\n\t\t\t\t<div class=\"elementor-widget-container\">\n\t\t\t\t\t\t\t\t\t\t\t\t\t\t\t<img fetchpriority=\"high\" decoding=\"async\" width=\"800\" height=\"771\" src=\"https:\/\/metallbaulessmann.de\/wp-content\/uploads\/2026\/02\/Zertifizierungszeichen-1090-1024x987.jpg\" class=\"attachment-large size-large wp-image-4234\" alt=\"\" srcset=\"https:\/\/metallbaulessmann.de\/wp-content\/uploads\/2026\/02\/Zertifizierungszeichen-1090-1024x987.jpg 1024w, https:\/\/metallbaulessmann.de\/wp-content\/uploads\/2026\/02\/Zertifizierungszeichen-1090-300x289.jpg 300w, https:\/\/metallbaulessmann.de\/wp-content\/uploads\/2026\/02\/Zertifizierungszeichen-1090-768x740.jpg 768w, https:\/\/metallbaulessmann.de\/wp-content\/uploads\/2026\/02\/Zertifizierungszeichen-1090-1536x1481.jpg 1536w, https:\/\/metallbaulessmann.de\/wp-content\/uploads\/2026\/02\/Zertifizierungszeichen-1090.jpg 1829w\" sizes=\"(max-width: 800px) 100vw, 800px\" \/>\t\t\t\t\t\t\t\t\t\t\t\t\t\t\t<\/div>\n\t\t\t\t<\/div>\n\t\t\t\t\t<\/div>\n\t\t<\/div>\n\t\t\t\t\t<\/div>\n\t\t<\/section>\n\t\t\t\t<\/div>\n\t\t","protected":false},"excerpt":{"rendered":"<p>Herzlich Willkommen auf der Seite der Metallbau Le\u00dfmann GmbH. Wir freuen uns sehr, dass Sie unsere Homepage besuchen. Verschaffen Sie sich gerne einen \u00dcberblick \u00fcber unseren Meisterhandwerksbetrieb. Wir bieten Ihnen qualitativ hochwertige Leistungen auf ganzer Bandbreite der Metallverarbeitung in Radevormwald und Umgebung. Sie haben Fragen? Gerne k\u00f6nnen Sie uns \u00fcber unser Kontaktformular, per Mail oder [&hellip;]<\/p>\n","protected":false},"author":1,"featured_media":0,"parent":0,"menu_order":0,"comment_status":"closed","ping_status":"closed","template":"","meta":{"footnotes":""},"class_list":["post-3928","page","type-page","status-publish","hentry"],"_links":{"self":[{"href":"https:\/\/metallbaulessmann.de\/index.php\/wp-json\/wp\/v2\/pages\/3928","targetHints":{"allow":["GET"]}}],"collection":[{"href":"https:\/\/metallbaulessmann.de\/index.php\/wp-json\/wp\/v2\/pages"}],"about":[{"href":"https:\/\/metallbaulessmann.de\/index.php\/wp-json\/wp\/v2\/types\/page"}],"author":[{"embeddable":true,"href":"https:\/\/metallbaulessmann.de\/index.php\/wp-json\/wp\/v2\/users\/1"}],"replies":[{"embeddable":true,"href":"https:\/\/metallbaulessmann.de\/index.php\/wp-json\/wp\/v2\/comments?post=3928"}],"version-history":[{"count":41,"href":"https:\/\/metallbaulessmann.de\/index.php\/wp-json\/wp\/v2\/pages\/3928\/revisions"}],"predecessor-version":[{"id":4249,"href":"https:\/\/metallbaulessmann.de\/index.php\/wp-json\/wp\/v2\/pages\/3928\/revisions\/4249"}],"wp:attachment":[{"href":"https:\/\/metallbaulessmann.de\/index.php\/wp-json\/wp\/v2\/media?parent=3928"}],"curies":[{"name":"wp","href":"https:\/\/api.w.org\/{rel}","templated":true}]}}