{"id":3981,"date":"2022-10-28T12:17:01","date_gmt":"2022-10-28T12:17:01","guid":{"rendered":"https:\/\/metallbaulessmann.de\/?page_id=3981"},"modified":"2024-04-02T10:02:31","modified_gmt":"2024-04-02T10:02:31","slug":"firmenprofil","status":"publish","type":"page","link":"https:\/\/metallbaulessmann.de\/index.php\/firmenprofil\/","title":{"rendered":"Firmenprofil"},"content":{"rendered":"\t\t<div data-elementor-type=\"wp-page\" data-elementor-id=\"3981\" class=\"elementor elementor-3981\" data-elementor-post-type=\"page\">\n\t\t\t\t\t\t<section class=\"elementor-section elementor-top-section elementor-element elementor-element-4d4ba371 elementor-section-height-min-height elementor-section-boxed elementor-section-height-default elementor-section-items-middle\" data-id=\"4d4ba371\" data-element_type=\"section\" data-e-type=\"section\" data-settings=\"{&quot;background_background&quot;:&quot;classic&quot;}\">\n\t\t\t\t\t\t\t<div class=\"elementor-background-overlay\"><\/div>\n\t\t\t\t\t\t\t<div class=\"elementor-container elementor-column-gap-default\">\n\t\t\t\t\t<div class=\"elementor-column elementor-col-50 elementor-top-column elementor-element elementor-element-5c9ca608\" data-id=\"5c9ca608\" data-element_type=\"column\" data-e-type=\"column\">\n\t\t\t<div class=\"elementor-widget-wrap elementor-element-populated\">\n\t\t\t\t\t\t<div class=\"elementor-element elementor-element-4ba3dcb elementor-widget elementor-widget-image\" data-id=\"4ba3dcb\" data-element_type=\"widget\" data-e-type=\"widget\" data-widget_type=\"image.default\">\n\t\t\t\t<div class=\"elementor-widget-container\">\n\t\t\t\t\t\t\t\t\t\t\t\t\t\t\t<img fetchpriority=\"high\" decoding=\"async\" width=\"800\" height=\"533\" src=\"https:\/\/metallbaulessmann.de\/wp-content\/uploads\/2018\/04\/Foto-fuer-Firmenprofil-e1523182882292.jpg\" class=\"attachment-large size-large wp-image-3794\" alt=\"\" srcset=\"https:\/\/metallbaulessmann.de\/wp-content\/uploads\/2018\/04\/Foto-fuer-Firmenprofil-e1523182882292.jpg 900w, https:\/\/metallbaulessmann.de\/wp-content\/uploads\/2018\/04\/Foto-fuer-Firmenprofil-e1523182882292-300x200.jpg 300w, https:\/\/metallbaulessmann.de\/wp-content\/uploads\/2018\/04\/Foto-fuer-Firmenprofil-e1523182882292-768x512.jpg 768w\" sizes=\"(max-width: 800px) 100vw, 800px\" \/>\t\t\t\t\t\t\t\t\t\t\t\t\t\t\t<\/div>\n\t\t\t\t<\/div>\n\t\t\t\t<div class=\"elementor-element elementor-element-770aed8 elementor-widget elementor-widget-heading\" data-id=\"770aed8\" data-element_type=\"widget\" data-e-type=\"widget\" data-widget_type=\"heading.default\">\n\t\t\t\t<div class=\"elementor-widget-container\">\n\t\t\t\t\t<h2 class=\"elementor-heading-title elementor-size-default\">Jac Le\u00dfmann, Gesch\u00e4ftsf\u00fchrer, Metallbauermeister \/ Internationaler Schwei\u00dffachmann<\/h2>\t\t\t\t<\/div>\n\t\t\t\t<\/div>\n\t\t\t\t\t<\/div>\n\t\t<\/div>\n\t\t\t\t<div class=\"elementor-column elementor-col-50 elementor-top-column elementor-element elementor-element-53182f9\" data-id=\"53182f9\" data-element_type=\"column\" data-e-type=\"column\">\n\t\t\t<div class=\"elementor-widget-wrap elementor-element-populated\">\n\t\t\t\t\t\t<div class=\"elementor-element elementor-element-9de4662 elementor-widget elementor-widget-text-editor\" data-id=\"9de4662\" data-element_type=\"widget\" data-e-type=\"widget\" data-widget_type=\"text-editor.default\">\n\t\t\t\t<div class=\"elementor-widget-container\">\n\t\t\t\t\t\t\t\t\t<h4>Professionell, zuverl\u00e4ssig und kompetent<\/h4><p>Die Metallbau Le\u00dfmann GmbH aus Redevormwald versteht sich als ein innovatives, flexibles und zuverl\u00e4ssiges Unternehmen. Wir wollen, dass unsere Kunden zufrieden sind und gehen auf Ihre individuellen W\u00fcnsche ein.<\/p><h4>Unsere St\u00e4rken \u2013 unsere Grunds\u00e4tze<\/h4><ul><li>Unser Kundenservice ist individuell, umfassende Beratung und Betreuung vor Ort.<\/li><li>Wir realisieren Ihre Gestaltungsw\u00fcnsche<\/li><li>Wir sind in der Lage, auch ausgefallene W\u00fcnsche umzusetzen \u2013 unter Ber\u00fccksichtigung aller technischen Sachverhalte (Statik, Sicherheit).<\/li><li>Handwerk: Anfertigung nach Ma\u00df<\/li><li>Dabei verwenden wir nur Materialien erster G\u00fcte und legen Wert auf qualitativ hochwertige Verarbeitung.<\/li><li>Als ausgewiesener Handwerks- und Meisterbetrieb ber\u00fccksichtigen wir selbstverst\u00e4ndlich alle baurechtlichen Vorgaben und Normen.<\/li><\/ul>\t\t\t\t\t\t\t\t<\/div>\n\t\t\t\t<\/div>\n\t\t\t\t\t<\/div>\n\t\t<\/div>\n\t\t\t\t\t<\/div>\n\t\t<\/section>\n\t\t\t\t<\/div>\n\t\t","protected":false},"excerpt":{"rendered":"<p>Jac Le\u00dfmann, Gesch\u00e4ftsf\u00fchrer, Metallbauermeister \/ Internationaler Schwei\u00dffachmann Professionell, zuverl\u00e4ssig und kompetent Die Metallbau Le\u00dfmann GmbH aus Redevormwald versteht sich als ein innovatives, flexibles und zuverl\u00e4ssiges Unternehmen. Wir wollen, dass unsere Kunden zufrieden sind und gehen auf Ihre individuellen W\u00fcnsche ein. Unsere St\u00e4rken \u2013 unsere Grunds\u00e4tze Unser Kundenservice ist individuell, umfassende Beratung und Betreuung vor Ort. [&hellip;]<\/p>\n","protected":false},"author":1,"featured_media":0,"parent":0,"menu_order":0,"comment_status":"closed","ping_status":"closed","template":"","meta":{"footnotes":""},"class_list":["post-3981","page","type-page","status-publish","hentry"],"_links":{"self":[{"href":"https:\/\/metallbaulessmann.de\/index.php\/wp-json\/wp\/v2\/pages\/3981","targetHints":{"allow":["GET"]}}],"collection":[{"href":"https:\/\/metallbaulessmann.de\/index.php\/wp-json\/wp\/v2\/pages"}],"about":[{"href":"https:\/\/metallbaulessmann.de\/index.php\/wp-json\/wp\/v2\/types\/page"}],"author":[{"embeddable":true,"href":"https:\/\/metallbaulessmann.de\/index.php\/wp-json\/wp\/v2\/users\/1"}],"replies":[{"embeddable":true,"href":"https:\/\/metallbaulessmann.de\/index.php\/wp-json\/wp\/v2\/comments?post=3981"}],"version-history":[{"count":13,"href":"https:\/\/metallbaulessmann.de\/index.php\/wp-json\/wp\/v2\/pages\/3981\/revisions"}],"predecessor-version":[{"id":4177,"href":"https:\/\/metallbaulessmann.de\/index.php\/wp-json\/wp\/v2\/pages\/3981\/revisions\/4177"}],"wp:attachment":[{"href":"https:\/\/metallbaulessmann.de\/index.php\/wp-json\/wp\/v2\/media?parent=3981"}],"curies":[{"name":"wp","href":"https:\/\/api.w.org\/{rel}","templated":true}]}}