{"id":3996,"date":"2022-10-28T12:23:03","date_gmt":"2022-10-28T12:23:03","guid":{"rendered":"https:\/\/metallbaulessmann.de\/?page_id=3996"},"modified":"2022-10-28T12:23:43","modified_gmt":"2022-10-28T12:23:43","slug":"ueberblick","status":"publish","type":"page","link":"https:\/\/metallbaulessmann.de\/index.php\/ueberblick\/","title":{"rendered":"\u00dcberblick"},"content":{"rendered":"\t\t<div data-elementor-type=\"wp-page\" data-elementor-id=\"3996\" class=\"elementor elementor-3996\" data-elementor-post-type=\"page\">\n\t\t\t\t\t\t<section class=\"elementor-section elementor-top-section elementor-element elementor-element-2a5e5f7c elementor-section-height-min-height elementor-section-boxed elementor-section-height-default elementor-section-items-middle\" data-id=\"2a5e5f7c\" data-element_type=\"section\" data-e-type=\"section\" data-settings=\"{&quot;background_background&quot;:&quot;classic&quot;}\">\n\t\t\t\t\t\t\t<div class=\"elementor-background-overlay\"><\/div>\n\t\t\t\t\t\t\t<div class=\"elementor-container elementor-column-gap-default\">\n\t\t\t\t\t<div class=\"elementor-column elementor-col-100 elementor-top-column elementor-element elementor-element-5dfc088a\" data-id=\"5dfc088a\" data-element_type=\"column\" data-e-type=\"column\">\n\t\t\t<div class=\"elementor-widget-wrap elementor-element-populated\">\n\t\t\t\t\t\t<div class=\"elementor-element elementor-element-c2bbf3d elementor-widget elementor-widget-text-editor\" data-id=\"c2bbf3d\" data-element_type=\"widget\" data-e-type=\"widget\" data-widget_type=\"text-editor.default\">\n\t\t\t\t<div class=\"elementor-widget-container\">\n\t\t\t\t\t\t\t\t\t<div id=\"content\" class=\"site-content\"><div class=\"site-content_wrap\"><div class=\"row\"><div id=\"primary\" class=\"col-xs-12 col-md-12\"><main id=\"main\" class=\"site-main\" role=\"main\"><article id=\"post-3739\" class=\"post-3739 page type-page status-publish hentry no-thumb\"><div class=\"entry-content\"><div id=\"tm_builder_outer_content\" class=\"tm_builder_outer_content\"><div class=\"tm_builder_inner_content tm_pb_gutters3\"><div class=\"tm_pb_section  tm_pb_section_0 tm_pb_with_background tm_section_regular tm_section_transparent\"><div class=\"container\"><div class=\" row tm_pb_row tm_pb_row_0\"><div class=\"tm_pb_column tm_pb_column_4_4  tm_pb_column_0 col-xs-12 col-sm-12 col-md-12 col-lg-12 col-xl-12 tm_pb_vertical_alligment_start\"><div class=\"tm_pb_text tm_pb_module tm_pb_bg_layout_light tm_pb_text_align_center  tm_pb_text_0\"><p>Die Metallbau Le\u00dfmann GmbH bietet qualitativ hochwertige Leistungen auf ganzer Bandbreite\u00a0der Metallverarbeitung.<\/p><p>Hier finden Sie eine \u00dcbersicht unserer Leistungen:<\/p><ul><li>Edelstahlarbeiten aller Art<\/li><li>(Lohn-)Schwei\u00dfarbeiten<\/li><li>Einbruchschutz<\/li><li>Carport<\/li><li>\u00dcberdachungen \/ Vord\u00e4cher<\/li><li>Zaunbau<\/li><li>Vorbaubalkone, Anbaubalkone<\/li><li>Handl\u00e4ufe<\/li><li>(Treppen-)Gel\u00e4nder<\/li><li>Sichtschutz<\/li><li>FH T\u00fcren, Feuerschutzt\u00fcren, Stahlt\u00fcren<\/li><li>Tore und Torantriebe<\/li><li>Gitterroste<\/li><li>Treppenbau, Spindeltreppen, Stahltreppen<\/li><li>Reparaturarbeiten aller Art<\/li><li>Und vieles mehr\u2026<\/li><\/ul><\/div><\/div><\/div><\/div><\/div><\/div><\/div><\/div><footer class=\"entry-footer\"><\/footer><\/article><\/main><\/div><\/div><\/div><\/div><footer id=\"colophon\" class=\"site-footer style-2\" role=\"contentinfo\"><div class=\"footer-container \"><div class=\"site-info container\"><div class=\"contact-block contact-block--footer\"><div class=\"contact-block__inner\"><div class=\"contact-block__item contact-block__item--icon\">\u00a0<\/div><\/div><\/div><\/div><\/div><\/footer>\t\t\t\t\t\t\t\t<\/div>\n\t\t\t\t<\/div>\n\t\t\t\t\t<\/div>\n\t\t<\/div>\n\t\t\t\t\t<\/div>\n\t\t<\/section>\n\t\t\t\t<\/div>\n\t\t","protected":false},"excerpt":{"rendered":"<p>Die Metallbau Le\u00dfmann GmbH bietet qualitativ hochwertige Leistungen auf ganzer Bandbreite\u00a0der Metallverarbeitung. Hier finden Sie eine \u00dcbersicht unserer Leistungen: Edelstahlarbeiten aller Art (Lohn-)Schwei\u00dfarbeiten Einbruchschutz Carport \u00dcberdachungen \/ Vord\u00e4cher Zaunbau Vorbaubalkone, Anbaubalkone Handl\u00e4ufe (Treppen-)Gel\u00e4nder Sichtschutz FH T\u00fcren, Feuerschutzt\u00fcren, Stahlt\u00fcren Tore und Torantriebe Gitterroste Treppenbau, Spindeltreppen, Stahltreppen Reparaturarbeiten aller Art Und vieles mehr\u2026 \u00a0<\/p>\n","protected":false},"author":1,"featured_media":0,"parent":0,"menu_order":0,"comment_status":"closed","ping_status":"closed","template":"","meta":{"footnotes":""},"class_list":["post-3996","page","type-page","status-publish","hentry"],"_links":{"self":[{"href":"https:\/\/metallbaulessmann.de\/index.php\/wp-json\/wp\/v2\/pages\/3996","targetHints":{"allow":["GET"]}}],"collection":[{"href":"https:\/\/metallbaulessmann.de\/index.php\/wp-json\/wp\/v2\/pages"}],"about":[{"href":"https:\/\/metallbaulessmann.de\/index.php\/wp-json\/wp\/v2\/types\/page"}],"author":[{"embeddable":true,"href":"https:\/\/metallbaulessmann.de\/index.php\/wp-json\/wp\/v2\/users\/1"}],"replies":[{"embeddable":true,"href":"https:\/\/metallbaulessmann.de\/index.php\/wp-json\/wp\/v2\/comments?post=3996"}],"version-history":[{"count":4,"href":"https:\/\/metallbaulessmann.de\/index.php\/wp-json\/wp\/v2\/pages\/3996\/revisions"}],"predecessor-version":[{"id":4000,"href":"https:\/\/metallbaulessmann.de\/index.php\/wp-json\/wp\/v2\/pages\/3996\/revisions\/4000"}],"wp:attachment":[{"href":"https:\/\/metallbaulessmann.de\/index.php\/wp-json\/wp\/v2\/media?parent=3996"}],"curies":[{"name":"wp","href":"https:\/\/api.w.org\/{rel}","templated":true}]}}